{"id":3645,"date":"2022-05-06T14:27:44","date_gmt":"2022-05-06T21:27:44","guid":{"rendered":"https:\/\/anaheimelementary.org\/juarez\/?page_id=3645"},"modified":"2023-10-24T14:03:15","modified_gmt":"2023-10-24T21:03:15","slug":"student-schedule","status":"publish","type":"page","link":"https:\/\/anaheimelementary.org\/juarez\/student-schedule\/","title":{"rendered":"Student Schedule 2023-2024"},"content":{"rendered":"\n<h2 class=\"wp-block-heading\">TK\/Kindergarten<\/h2>\n\n\n\n<figure class=\"wp-block-table is-style-regular\"><table class=\"w-full mb-4 border-collapse border-gray-400 table-auto\"><thead><tr><th><\/th><th class=\"has-text-align-center\" data-align=\"center\">Regular Day<br>(M, T, Th, F)<\/th><th class=\"has-text-align-center\" data-align=\"center\">Wednesdays\/Mi\u00e9rcoles<br>\"IP Days\"<\/th><th class=\"has-text-align-center\" data-align=\"center\">Minimum Day<br>D\u00edas M\u00ednimos<\/th><\/tr><\/thead><tbody><tr><td><strong>Breakfast<\/strong><\/td><td class=\"has-text-align-center\" data-align=\"center\">7:40 - 8:10<\/td><td class=\"has-text-align-center\" data-align=\"center\">7:40 - 8:10<\/td><td class=\"has-text-align-center\" data-align=\"center\">7:40 - 8:10<\/td><\/tr><tr><td><strong>Start Time<\/strong><\/td><td class=\"has-text-align-center\" data-align=\"center\">8:10 AM<\/td><td class=\"has-text-align-center\" data-align=\"center\">8:10 AM<\/td><td class=\"has-text-align-center\" data-align=\"center\">8:10 AM<\/td><\/tr><tr><td><strong>TK\/K Recess <\/strong><br><strong>(Dillard \/ Ramos)<\/strong><\/td><td class=\"has-text-align-center\" data-align=\"center\">9:45 - 10:00<\/td><td class=\"has-text-align-center\" data-align=\"center\">9:45 - 10:00<\/td><td class=\"has-text-align-center\" data-align=\"center\">9:40 - 10:00<\/td><\/tr><tr><td><strong>K Recess <\/strong><br><strong>(Berry \/ Roman \/ Garcia)<\/strong><\/td><td class=\"has-text-align-center\" data-align=\"center\">10:00 - 10:15<\/td><td class=\"has-text-align-center\" data-align=\"center\">10:00 - 10:15<\/td><td class=\"has-text-align-center\" data-align=\"center\">10:00 - 10:20<\/td><\/tr><tr><td><strong>TK\/K Lunch <\/strong><br><strong>(Dillard \/ Ramos)<\/strong><\/td><td class=\"has-text-align-center\" data-align=\"center\">11:10 - 11:55<\/td><td class=\"has-text-align-center\" data-align=\"center\">11:10 - 11:55<\/td><td class=\"has-text-align-center\" data-align=\"center\">No Lunch<\/td><\/tr><tr><td><strong>K Lunch <\/strong><br><strong>(Berry \/ Roman \/ Garcia)<\/strong><\/td><td class=\"has-text-align-center\" data-align=\"center\">11:30 - 12:15<\/td><td class=\"has-text-align-center\" data-align=\"center\">11:30 - 12:15<\/td><td class=\"has-text-align-center\" data-align=\"center\">No Lunch<\/td><\/tr><tr><td><strong>Dismissal<\/strong><\/td><td class=\"has-text-align-center\" data-align=\"center\">2:27 PM<\/td><td class=\"has-text-align-center\" data-align=\"center\">1:18 PM<\/td><td class=\"has-text-align-center\" data-align=\"center\">11:37 AM<\/td><\/tr><\/tbody><\/table><\/figure>\n\n\n\n<h2 class=\"wp-block-heading\">Grades 1-2<\/h2>\n\n\n\n<figure class=\"wp-block-table is-style-regular\"><table class=\"w-full mb-4 border-collapse border-gray-400 table-auto\"><thead><tr><th><\/th><th class=\"has-text-align-center\" data-align=\"center\">Regular Day<br>(M, T, Th, F)<\/th><th class=\"has-text-align-center\" data-align=\"center\">Wednesdays\/Mi\u00e9rcoles<br>\"IP Days\"<\/th><th class=\"has-text-align-center\" data-align=\"center\">Minimum Day<br>D\u00edas M\u00ednimos<\/th><\/tr><\/thead><tbody><tr><td><strong>Breakfast<\/strong><\/td><td class=\"has-text-align-center\" data-align=\"center\">7:40 - 8:10<\/td><td class=\"has-text-align-center\" data-align=\"center\">7:40 - 8:10<\/td><td class=\"has-text-align-center\" data-align=\"center\">7:40 - 8:10<\/td><\/tr><tr><td><strong>Start Time<\/strong><\/td><td class=\"has-text-align-center\" data-align=\"center\">8:10 AM<\/td><td class=\"has-text-align-center\" data-align=\"center\">8:10 AM<\/td><td class=\"has-text-align-center\" data-align=\"center\">8:10 AM<\/td><\/tr><tr><td><strong>Recess<\/strong><\/td><td class=\"has-text-align-center\" data-align=\"center\">10:00 - 10:15<\/td><td class=\"has-text-align-center\" data-align=\"center\">10:00 - 10:15<\/td><td class=\"has-text-align-center\" data-align=\"center\">10:00 - 10:20<\/td><\/tr><tr><td><strong>Lunch<\/strong><\/td><td class=\"has-text-align-center\" data-align=\"center\">11:30 - 12:15<\/td><td class=\"has-text-align-center\" data-align=\"center\">11:30 - 12:15<\/td><td class=\"has-text-align-center\" data-align=\"center\">No Lunch<\/td><\/tr><tr><td><strong>Dismissal<\/strong><\/td><td class=\"has-text-align-center\" data-align=\"center\">2:37 PM<\/td><td class=\"has-text-align-center\" data-align=\"center\">1:28 PM<\/td><td class=\"has-text-align-center\" data-align=\"center\">11:39 AM<\/td><\/tr><\/tbody><\/table><\/figure>\n\n\n\n<h2 class=\"wp-block-heading\">Grades 3-4<\/h2>\n\n\n\n<figure class=\"wp-block-table is-style-regular\"><table class=\"w-full mb-4 border-collapse border-gray-400 table-auto\"><thead><tr><th><\/th><th class=\"has-text-align-center\" data-align=\"center\">Regular Day<br>(M, T, Th, F)<\/th><th class=\"has-text-align-center\" data-align=\"center\">Wednesdays\/Mi\u00e9rcoles<br>\"IP Days\"<\/th><th class=\"has-text-align-center\" data-align=\"center\">Minimum Day<br>D\u00edas M\u00ednimos<\/th><\/tr><\/thead><tbody><tr><td><strong>Breakfast<\/strong><\/td><td class=\"has-text-align-center\" data-align=\"center\">7:40 - 8:10<\/td><td class=\"has-text-align-center\" data-align=\"center\">7:40 - 8:10<\/td><td class=\"has-text-align-center\" data-align=\"center\">7:40 - 8:10<\/td><\/tr><tr><td><strong>Start Time<\/strong><\/td><td class=\"has-text-align-center\" data-align=\"center\">8:10 AM<\/td><td class=\"has-text-align-center\" data-align=\"center\">8:10 AM<\/td><td class=\"has-text-align-center\" data-align=\"center\">8:10 AM<\/td><\/tr><tr><td><strong>Recess<\/strong><\/td><td class=\"has-text-align-center\" data-align=\"center\">10:20 - 10:35<\/td><td class=\"has-text-align-center\" data-align=\"center\">10:20 - 10:35<\/td><td class=\"has-text-align-center\" data-align=\"center\">10:20 - 10:40<\/td><\/tr><tr><td><strong>Lunch<\/strong><\/td><td class=\"has-text-align-center\" data-align=\"center\">11:55 - 12:40<\/td><td class=\"has-text-align-center\" data-align=\"center\">11:55 - 12:40<\/td><td class=\"has-text-align-center\" data-align=\"center\">No Lunch<\/td><\/tr><tr><td><strong>Dismissal<\/strong><\/td><td class=\"has-text-align-center\" data-align=\"center\">2:37 PM<\/td><td class=\"has-text-align-center\" data-align=\"center\">1:28 PM<\/td><td class=\"has-text-align-center\" data-align=\"center\">11:39 AM<\/td><\/tr><\/tbody><\/table><\/figure>\n\n\n\n<h2 class=\"wp-block-heading\">Grades 5-6<\/h2>\n\n\n\n<figure class=\"wp-block-table is-style-regular\"><table class=\"w-full mb-4 border-collapse border-gray-400 table-auto\"><thead><tr><th><\/th><th class=\"has-text-align-center\" data-align=\"center\">Regular Day<br>(M, T, Th, F)<\/th><th class=\"has-text-align-center\" data-align=\"center\">Wednesdays\/Mi\u00e9rcoles<br>\"IP Days\"<\/th><th class=\"has-text-align-center\" data-align=\"center\">Minimum Day<br>D\u00edas M\u00ednimos<\/th><\/tr><\/thead><tbody><tr><td><strong>Breakfast<\/strong><\/td><td class=\"has-text-align-center\" data-align=\"center\">7:40 - 8:10<\/td><td class=\"has-text-align-center\" data-align=\"center\">7:40 - 8:10<\/td><td class=\"has-text-align-center\" data-align=\"center\">7:40 - 8:10<\/td><\/tr><tr><td><strong>Start Time<\/strong><\/td><td class=\"has-text-align-center\" data-align=\"center\">8:10 AM<\/td><td class=\"has-text-align-center\" data-align=\"center\">8:10 AM<\/td><td class=\"has-text-align-center\" data-align=\"center\">8:10 AM<\/td><\/tr><tr><td><strong>Recess<\/strong><\/td><td class=\"has-text-align-center\" data-align=\"center\">10:40 - 10:55<\/td><td class=\"has-text-align-center\" data-align=\"center\">10:40 - 10:55<\/td><td class=\"has-text-align-center\" data-align=\"center\">10:40 - 11:00<\/td><\/tr><tr><td><strong>Lunch<\/strong><\/td><td class=\"has-text-align-center\" data-align=\"center\">12:15 - 1:00<\/td><td class=\"has-text-align-center\" data-align=\"center\">12:15 - 1:00<\/td><td class=\"has-text-align-center\" data-align=\"center\">No Lunch<\/td><\/tr><tr><td><strong>Dismissal<\/strong><\/td><td class=\"has-text-align-center\" data-align=\"center\">2:37 PM<\/td><td class=\"has-text-align-center\" data-align=\"center\">1:28 PM<\/td><td class=\"has-text-align-center\" data-align=\"center\">11:39 AM<\/td><\/tr><\/tbody><\/table><\/figure>\n","protected":false},"excerpt":{"rendered":"<p class=\"py-2\">TK\/Kindergarten Regular Day(M, T, Th, F) Wednesdays\/Mi\u00e9rcoles&#8221;IP Days&#8221; Minimum DayD\u00edas M\u00ednimos Breakfast 7:40 &#8211; 8:10 7:40 &#8211; 8:10 7:40 &#8211; 8:10 Start Time 8:10 AM 8:10 AM 8:10 AM TK\/K Recess (Dillard \/ Ramos) 9:45 &#8211; 10:00 9:45 &#8211; 10:00 9:40 &#8211; 10:00 K Recess (Berry \/ Roman \/ Garcia) 10:00 &#8211; 10:15 10:00 &#8211; [&hellip;]<\/p>\n","protected":false},"author":6214,"featured_media":0,"parent":0,"menu_order":0,"comment_status":"closed","ping_status":"closed","template":"aesd-page-school.php","meta":{"_acf_changed":false,"_stopmodifiedupdate":false,"_modified_date":"","_relevanssi_hide_post":"","_relevanssi_pin_for_all":"","_relevanssi_pin_keywords":"","_relevanssi_unpin_keywords":"","_relevanssi_related_keywords":"","_relevanssi_related_include_ids":"","_relevanssi_related_exclude_ids":"","_relevanssi_related_no_append":"","_relevanssi_related_not_related":"","_relevanssi_related_posts":"3356,3340,2834,3144,3134,3451","_relevanssi_noindex_reason":"","footnotes":""},"class_list":["post-3645","page","type-page","status-publish","hentry"],"acf":[],"publishpress_future_action":{"enabled":false,"date":"2026-04-20 06:27:18","action":"change-status","newStatus":"draft","terms":[],"taxonomy":"","extraData":[]},"publishpress_future_workflow_manual_trigger":{"enabledWorkflows":[]},"_links":{"self":[{"href":"https:\/\/anaheimelementary.org\/juarez\/wp-json\/wp\/v2\/pages\/3645","targetHints":{"allow":["GET"]}}],"collection":[{"href":"https:\/\/anaheimelementary.org\/juarez\/wp-json\/wp\/v2\/pages"}],"about":[{"href":"https:\/\/anaheimelementary.org\/juarez\/wp-json\/wp\/v2\/types\/page"}],"author":[{"embeddable":true,"href":"https:\/\/anaheimelementary.org\/juarez\/wp-json\/wp\/v2\/users\/6214"}],"replies":[{"embeddable":true,"href":"https:\/\/anaheimelementary.org\/juarez\/wp-json\/wp\/v2\/comments?post=3645"}],"version-history":[{"count":9,"href":"https:\/\/anaheimelementary.org\/juarez\/wp-json\/wp\/v2\/pages\/3645\/revisions"}],"predecessor-version":[{"id":4169,"href":"https:\/\/anaheimelementary.org\/juarez\/wp-json\/wp\/v2\/pages\/3645\/revisions\/4169"}],"wp:attachment":[{"href":"https:\/\/anaheimelementary.org\/juarez\/wp-json\/wp\/v2\/media?parent=3645"}],"curies":[{"name":"wp","href":"https:\/\/api.w.org\/{rel}","templated":true}]}}