{"id":4208,"date":"2020-08-18T12:02:36","date_gmt":"2020-08-18T19:02:36","guid":{"rendered":"https:\/\/anaheimelementary.org\/edison\/?page_id=4208"},"modified":"2025-09-02T15:29:41","modified_gmt":"2025-09-02T22:29:41","slug":"a-word-from-our-principal","status":"publish","type":"page","link":"https:\/\/anaheimelementary.org\/edison\/a-word-from-our-principal\/","title":{"rendered":"A Word From Our Principal"},"content":{"rendered":"\n<p class=\"py-2\">Welcome to Edison Elementary!&nbsp;&nbsp;<\/p>\n\n\n\n<p class=\"py-2\">Happy 2025-2026 School Year! We are so glad to have each and every one of you as part of our Edison Family.&nbsp; Our staff has been working hard to prepare an engaging, well-rounded standards based instructional program to meet the needs of all students. Edison Elementary is a fantastic school community where children learn and grow, supported by caring adults. Because children come to us with a variety of needs, challenges, and talents all their own, we first try to get to know each child and each parent to create a positive nurturing relationship. These trusting relationships make learning much more interesting, engaging, and fun. We strongly believe school should always be a safe place that children enjoy coming to each and every day and are supported, whatever that may be, to meet their needs and we encourage our families and community members to be part of the team.&nbsp;<\/p>\n\n\n\n<p class=\"py-2\">Edison... Rooted in Strength, Reaching for Success!<\/p>\n\n\n\n<p class=\"py-2\">Sincerely,<br>Mrs. Suzanne Nichols<br>Edison Principal<\/p>\n\n\n\n<p class=\"py-2\">\u00a1Bienvenidos a la Primaria Edison!<\/p>\n\n\n\n<p class=\"py-2\">\u00a1Feliz a\u00f1o escolar 2025-2026! Estamos muy contentos de tener a todos y cada uno de ustedes como parte de nuestra Familia de Edison. Nuestro personal ha estado trabajando arduamente para preparar un programa instructivo atractivo y completo basado en est\u00e1ndares para satisfacer las necesidades de todos los estudiantes. La Primaria Edison es una comunidad escolar fant\u00e1stica donde los ni\u00f1os aprenden y crecen, apoyados por adultos solidarios. Debido a que los ni\u00f1os vienen a nosotros con una variedad de necesidades, desaf\u00edos y talentos propios, primero tratamos de conocer a cada ni\u00f1o ya cada padre para crear una relaci\u00f3n positiva y enriquecedora. Estas relaciones de confianza hacen que el aprendizaje sea mucho m\u00e1s interesante, atractivo y divertido. Creemos firmemente que la escuela siempre debe ser un lugar seguro al que los ni\u00f1os disfruten venir todos los d\u00edas y que reciban apoyo, sea lo que sea, para satisfacer sus necesidades.<\/p>\n\n\n\n<p class=\"py-2\">Edison ... arraigada en la fuerza, alcanzando el \u00e9xito!<\/p>\n\n\n\n<p class=\"py-2\">Atentamente,<br>Sra. Suzanne Nichols<br>Directora de Edison<\/p>\n","protected":false},"excerpt":{"rendered":"<p class=\"py-2\">Happy 2025-2026 School Year! We are so glad to have each and every one of you as part of our Edison Family.\u00a0 Our staff has been working hard to prepare an engaging, well-rounded standards based instructional program to meet the needs of all students. Edison Elementary is a fantastic school community where children learn and grow, supported by caring adults. Because children come to us with a variety of needs, challenges, and talents all their own, we first try to get to know each child and each parent to create a positive nurturing relationship. These trusting relationships make learning much more interesting, engaging, and fun. We strongly believe school should always be a safe place that children enjoy coming to each and every day and are supported, whatever that may be, to meet their needs and we encourage our families and community members to be part of the team.\u00a0<\/p>\n","protected":false},"author":3887,"featured_media":5556,"parent":0,"menu_order":0,"comment_status":"closed","ping_status":"closed","template":"aesd-page-school.php","meta":{"_acf_changed":false,"_stopmodifiedupdate":false,"_modified_date":"","_relevanssi_hide_post":"","_relevanssi_pin_for_all":"","_relevanssi_pin_keywords":"","_relevanssi_unpin_keywords":"","_relevanssi_related_keywords":"","_relevanssi_related_include_ids":"","_relevanssi_related_exclude_ids":"","_relevanssi_related_no_append":"","_relevanssi_related_not_related":"","_relevanssi_related_posts":"3413,3606,28113,28001,19660,13012","_relevanssi_noindex_reason":"","footnotes":""},"class_list":["post-4208","page","type-page","status-publish","has-post-thumbnail","hentry"],"acf":[],"publishpress_future_action":{"enabled":false,"date":"2026-04-26 20:40:29","action":"change-status","newStatus":"draft","terms":[],"taxonomy":"","extraData":[]},"publishpress_future_workflow_manual_trigger":{"enabledWorkflows":[]},"_links":{"self":[{"href":"https:\/\/anaheimelementary.org\/edison\/wp-json\/wp\/v2\/pages\/4208","targetHints":{"allow":["GET"]}}],"collection":[{"href":"https:\/\/anaheimelementary.org\/edison\/wp-json\/wp\/v2\/pages"}],"about":[{"href":"https:\/\/anaheimelementary.org\/edison\/wp-json\/wp\/v2\/types\/page"}],"author":[{"embeddable":true,"href":"https:\/\/anaheimelementary.org\/edison\/wp-json\/wp\/v2\/users\/3887"}],"replies":[{"embeddable":true,"href":"https:\/\/anaheimelementary.org\/edison\/wp-json\/wp\/v2\/comments?post=4208"}],"version-history":[{"count":9,"href":"https:\/\/anaheimelementary.org\/edison\/wp-json\/wp\/v2\/pages\/4208\/revisions"}],"predecessor-version":[{"id":5597,"href":"https:\/\/anaheimelementary.org\/edison\/wp-json\/wp\/v2\/pages\/4208\/revisions\/5597"}],"wp:featuredmedia":[{"embeddable":true,"href":"https:\/\/anaheimelementary.org\/edison\/wp-json\/wp\/v2\/media\/5556"}],"wp:attachment":[{"href":"https:\/\/anaheimelementary.org\/edison\/wp-json\/wp\/v2\/media?parent=4208"}],"curies":[{"name":"wp","href":"https:\/\/api.w.org\/{rel}","templated":true}]}}