{"id":1954,"date":"2020-03-30T19:03:47","date_gmt":"2020-03-31T02:03:47","guid":{"rendered":"https:\/\/anaheimelementary.org\/ece\/?page_id=1954"},"modified":"2020-03-30T23:33:52","modified_gmt":"2020-03-31T06:33:52","slug":"learning-genie-app","status":"publish","type":"page","link":"https:\/\/anaheimelementary.org\/ece\/learning-genie-app\/","title":{"rendered":"Learning Genie App"},"content":{"rendered":"\n<div class=\"wp-block-group\"><div class=\"wp-block-group__inner-container is-layout-flow wp-block-group-is-layout-flow\">\n<div class=\"wp-block-image is-style-default\"><figure class=\"alignright is-resized\"><img loading=\"lazy\" decoding=\"async\" src=\"https:\/\/lh5.googleusercontent.com\/hrMLdfDeSOp3FdN2yfrVb-cMGfg-Ya0mugeZr9LAft3_AX9hJngJfHAajErH8vPMICD3VbqjjlgLlmoojghgYNk2sE1alr-iFNGmmcAarC6SxlkWTUnYqvPcQowzbIE9gzjjGkgM\" alt=\"\" width=\"121\" height=\"96\" \/><\/figure><\/div>\n<\/div><\/div>\n\n\n\n<p class=\"has-text-align-left\"><strong>Anaheim Elementary School District<\/strong><\/p>\n\n\n\n<p class=\"has-text-align-left\"><strong>Early Childhood Education Department<\/strong><\/p>\n\n\n\n<p class=\"has-text-align-left\">      The Preschool Program uses the Learning Genie application to provide Distance Learning and updates on your child\u2019s developmental progress. By using this app, you will receive instant communications from the teacher including pictures\/videos, activities, reminders and important program notifications.&nbsp;<\/p>\n\n\n\n<p class=\"has-text-align-left\"><br>It\u2019s secure and easy to sign up: <a class=\"font-semibold text-blue-900 underline hover:text-gray-500\"  href=\"https:\/\/drive.google.com\/file\/d\/0B18tAv1ng6qSTThLa3pId1ZsaExmZ096Z2g4Y0NWdEMyeG9Z\/view?usp=sharing\">On-boarding Steps&nbsp;<\/a><\/p>\n\n\n\n<ol class=\"wp-block-list\"><li>Provide an email address upon enrollment<\/li><li>Download the Learning Genie App&nbsp;<\/li><li>Receive a personalized parent account code&nbsp;&nbsp;<\/li><\/ol>\n\n\n\n<div class=\"wp-block-image\"><figure class=\"alignleft is-resized\"><img loading=\"lazy\" decoding=\"async\" src=\"https:\/\/lh5.googleusercontent.com\/FfzzX1Cwhbi60mBoYugnavQapuDN2YVj055yPq4Xjsx_2iQJxLkzIGCD0jA1VuQwiZ44-fCC2jRypFuqdlLtt-43NIq1OLrRJkANRV562IdzJlqRMHMZ2cqOMiH0fCZB_IjvsmKA\" alt=\"\" width=\"90\" height=\"90\" \/><\/figure><\/div>\n\n\n\n<div class=\"wp-block-group\"><div class=\"wp-block-group__inner-container is-layout-flow wp-block-group-is-layout-flow\">\n<figure class=\"wp-block-image is-resized\"><img loading=\"lazy\" decoding=\"async\" src=\"https:\/\/lh3.googleusercontent.com\/Gqe5MrnFjLkajUK5XoNP7Do5VbTyNwV2G-otGcS-tvYd7FQ-U9z8PBuJMrJY5dHhxAwsuruE04sLAwVZ0VmJEqOFK1HmqgIsaI4ZFyxU1h4-AYU85mJg6xMc8Vg3BwLk4eJ7Au7k\" alt=\"\" width=\"86\" height=\"81\" \/><\/figure>\n<\/div><\/div>\n\n\n\n<div style=\"height:28px\" aria-hidden=\"true\" class=\"wp-block-spacer\"><\/div>\n\n\n\n<div class=\"wp-block-image\"><figure class=\"alignright is-resized\"><img loading=\"lazy\" decoding=\"async\" src=\"https:\/\/lh5.googleusercontent.com\/hrMLdfDeSOp3FdN2yfrVb-cMGfg-Ya0mugeZr9LAft3_AX9hJngJfHAajErH8vPMICD3VbqjjlgLlmoojghgYNk2sE1alr-iFNGmmcAarC6SxlkWTUnYqvPcQowzbIE9gzjjGkgM\" alt=\"\" width=\"111\" height=\"83\" \/><\/figure><\/div>\n\n\n\n<p class=\"has-text-align-left\"><strong>Distrito de Escuelas Primarias de Anaheim<\/strong> <\/p>\n\n\n\n<p class=\"has-text-align-left\"><strong>Departamento de Educaci\u00f3n Temprana<\/strong> <\/p>\n\n\n\n<p class=\"py-2\">          Nuestro programa utiliza la aplicaci\u00f3n Learning Genie para proporcionar actualizaciones sobre el progreso del desarrollo de su hijo. Al utilizar esta aplicaci\u00f3n, usted recibir\u00e1 actualizaciones instant\u00e1neas acerca del d\u00eda de su hijo en la escuela, incluye fotos\/videos, actividades, recordatorios y notificaciones importantes del programa.<\/p>\n\n\n\n<p class=\"py-2\">Es seguro y f\u00e1cil inscribirse: <a class=\"font-semibold text-blue-900 underline hover:text-gray-500\"  href=\"https:\/\/drive.google.com\/file\/d\/0B18tAv1ng6qSTThLa3pId1ZsaExmZ096Z2g4Y0NWdEMyeG9Z\/view?usp=sharing\">Pasos de incorporaci\u00f3n<\/a><br><\/p>\n\n\n\n<ol class=\"wp-block-list\"><li>Proporcione una direcci\u00f3n de correo electr\u00f3nico al momento de la inscripci\u00f3n<\/li><li>Descargue la aplicaci\u00f3n Learning Genie<\/li><li>Reciba un c\u00f3digo de cuenta personalizado<\/li><\/ol>\n\n\n\n<p class=\"py-2\"><\/p>\n\n\n\n<div class=\"wp-block-group\"><div class=\"wp-block-group__inner-container is-layout-flow wp-block-group-is-layout-flow\">\n<div class=\"wp-block-group\"><div class=\"wp-block-group__inner-container is-layout-flow wp-block-group-is-layout-flow\">\n<div class=\"wp-block-image\"><figure class=\"alignleft size-large is-resized\"><img loading=\"lazy\" decoding=\"async\" src=\"https:\/\/anaheimelementary.org\/ece\/wp-content\/uploads\/sites\/43\/2020\/03\/LGAndroid-2.png\" alt=\"\" class=\"wp-image-1972\" width=\"87\" height=\"86\" srcset=\"https:\/\/anaheimelementary.org\/ece\/wp-content\/uploads\/sites\/43\/2020\/03\/LGAndroid-2.png 155w, https:\/\/anaheimelementary.org\/ece\/wp-content\/uploads\/sites\/43\/2020\/03\/LGAndroid-2-150x150.png 150w\" sizes=\"auto, (max-width: 87px) 100vw, 87px\" \/><\/figure><\/div>\n\n\n\n<div class=\"wp-block-group\"><div class=\"wp-block-group__inner-container is-layout-flow wp-block-group-is-layout-flow\">\n<div class=\"wp-block-group\"><div class=\"wp-block-group__inner-container is-layout-flow wp-block-group-is-layout-flow\">\n<figure class=\"wp-block-image is-resized\"><img loading=\"lazy\" decoding=\"async\" src=\"https:\/\/lh3.googleusercontent.com\/Gqe5MrnFjLkajUK5XoNP7Do5VbTyNwV2G-otGcS-tvYd7FQ-U9z8PBuJMrJY5dHhxAwsuruE04sLAwVZ0VmJEqOFK1HmqgIsaI4ZFyxU1h4-AYU85mJg6xMc8Vg3BwLk4eJ7Au7k\" alt=\"\" width=\"83\" height=\"79\" \/><\/figure>\n<\/div><\/div>\n<\/div><\/div>\n<\/div><\/div>\n<\/div><\/div>\n","protected":false},"excerpt":{"rendered":"<p class=\"py-2\">Anaheim Elementary School District Early Childhood Education Department The Preschool Program uses the Learning Genie application to provide Distance Learning and updates on your child\u2019s developmental progress. By using this app, you will receive instant communications from the teacher including pictures\/videos, activities, reminders and important program notifications.&nbsp; It\u2019s secure and easy to sign up: On-boarding [&hellip;]<\/p>\n","protected":false},"author":4707,"featured_media":0,"parent":0,"menu_order":0,"comment_status":"closed","ping_status":"closed","template":"","meta":{"_acf_changed":false,"_stopmodifiedupdate":false,"_modified_date":"","_relevanssi_hide_post":"","_relevanssi_pin_for_all":"","_relevanssi_pin_keywords":"","_relevanssi_unpin_keywords":"","_relevanssi_related_keywords":"","_relevanssi_related_include_ids":"","_relevanssi_related_exclude_ids":"","_relevanssi_related_no_append":"","_relevanssi_related_not_related":"","_relevanssi_related_posts":"2001,22989,23492,29741,22520,23737","_relevanssi_noindex_reason":"","footnotes":""},"class_list":["post-1954","page","type-page","status-publish","hentry"],"acf":[],"publishpress_future_action":{"enabled":false,"date":"2026-04-11 20:14:23","action":"change-status","newStatus":"draft","terms":[],"taxonomy":"","extraData":[]},"publishpress_future_workflow_manual_trigger":{"enabledWorkflows":[]},"_links":{"self":[{"href":"https:\/\/anaheimelementary.org\/ece\/wp-json\/wp\/v2\/pages\/1954","targetHints":{"allow":["GET"]}}],"collection":[{"href":"https:\/\/anaheimelementary.org\/ece\/wp-json\/wp\/v2\/pages"}],"about":[{"href":"https:\/\/anaheimelementary.org\/ece\/wp-json\/wp\/v2\/types\/page"}],"author":[{"embeddable":true,"href":"https:\/\/anaheimelementary.org\/ece\/wp-json\/wp\/v2\/users\/4707"}],"replies":[{"embeddable":true,"href":"https:\/\/anaheimelementary.org\/ece\/wp-json\/wp\/v2\/comments?post=1954"}],"version-history":[{"count":0,"href":"https:\/\/anaheimelementary.org\/ece\/wp-json\/wp\/v2\/pages\/1954\/revisions"}],"wp:attachment":[{"href":"https:\/\/anaheimelementary.org\/ece\/wp-json\/wp\/v2\/media?parent=1954"}],"curies":[{"name":"wp","href":"https:\/\/api.w.org\/{rel}","templated":true}]}}